{"id":2,"date":"2022-09-25T17:08:39","date_gmt":"2022-09-25T15:08:39","guid":{"rendered":"https:\/\/decilo.de\/?page_id=2"},"modified":"2025-06-06T18:34:20","modified_gmt":"2025-06-06T16:34:20","slug":"about-us","status":"publish","type":"page","link":"https:\/\/decilo.de\/de\/about-us\/","title":{"rendered":"About us"},"content":{"rendered":"<p class=\"has-text-align-center has-black-color has-white-background-color has-text-color has-background has-medium-font-size\"><em><span style=\"line-height:180%;\">Wir sind \u00fcberzeugt, dass gerade kleine und mittlere Unternehmen und Genossenschaften entscheidend f\u00fcr eine gesunde und regenerative Wirtschaft sind.<\/span><span style=\"line-height:180%;\"> <\/span><\/em><\/p>\n\n\n\n<hr class=\"wp-block-separator has-text-color has-alpha-channel-opacity has-background is-style-dots\" style=\"background-color:#363843;color:#363843\"\/>\n\n\n\n<div class=\"wp-block-group has-white-background-color has-background\"><div class=\"wp-block-group__inner-container is-layout-constrained wp-block-group-is-layout-constrained\">\n<div class=\"wp-block-media-text alignwide has-media-on-the-right is-stacked-on-mobile\" style=\"grid-template-columns:auto 37%\"><div class=\"wp-block-media-text__content\">\n<hr class=\"wp-block-separator has-text-color has-white-color has-alpha-channel-opacity has-white-background-color has-background is-style-default\"\/>\n\n\n\n<h3 class=\"wp-block-heading\">K\u00fcnstliche Intelligenz Sicher und Lokal Nutzen<\/h3>\n\n\n\n<p>DeCiLo ist ein Berliner Netzwerk aus Coder*innen, Strateg*innen und Designer*innen, das sich f\u00fcr eine dezentrale und regenerative Zukunft mit KI einsetzt.<\/p>\n\n\n\n<p class=\"translation-block\"><strong>Unser Ziel ist, es f\u00fcr kleine und mittlere Unternehmen und Genossenschaften einfach zu machen, KI sicher und effektiv zu nutzen.<\/strong><\/p>\n\n\n\n<p>Wir unterst\u00fctzen Sie bei der Auswahl und Einrichtung passender KI-Tools und ma\u00dfgeschneiderter KI-Agenten. Au\u00dferdem helfen wir Ihnen dabei, diese Werkzeuge effektiv zu nutzen und an Ihre Bed\u00fcrfnisse anzupassen.<\/p>\n\n\n\n<p>Unser Schwerpunkt liegt auf Datenschutz und darauf sicherzustellen, dass Sie in Kontrolle bleiben. <\/p>\n\n\n\n<p>Wir k\u00f6nnen KI lokal auf Ihren eigenen Servern installieren oder helfen Ihnen, praktische L\u00f6sungen zu finden, die Ihre Daten sch\u00fctzen und Ihr Team respektieren.<\/p>\n\n\n\n<p>Buchen Sie ein <strong><a href=\"https:\/\/decilo.de\/de\/#contact\">kostenloses Kennenlerngespr\u00e4ch<\/a><\/strong> oder informieren Sie sich zu unseren <strong><a href=\"https:\/\/decilo.de\/de\/customized-ai\/\">individuellen KI Angeboten<\/a><\/strong>.<\/p>\n<\/div><figure class=\"wp-block-media-text__media\"><img loading=\"lazy\" decoding=\"async\" width=\"1000\" height=\"1000\" src=\"https:\/\/decilo.de\/wp-content\/uploads\/2025\/06\/Decilo-bg-q.png\" alt=\"\" class=\"wp-image-2154 size-full\" srcset=\"https:\/\/decilo.de\/wp-content\/uploads\/2025\/06\/Decilo-bg-q.png 1000w, https:\/\/decilo.de\/wp-content\/uploads\/2025\/06\/Decilo-bg-q-300x300.png 300w, https:\/\/decilo.de\/wp-content\/uploads\/2025\/06\/Decilo-bg-q-150x150.png 150w, https:\/\/decilo.de\/wp-content\/uploads\/2025\/06\/Decilo-bg-q-768x768.png 768w, https:\/\/decilo.de\/wp-content\/uploads\/2025\/06\/Decilo-bg-q-12x12.png 12w\" sizes=\"auto, (max-width: 1000px) 100vw, 1000px\" \/><\/figure><\/div>\n<\/div><\/div>\n\n\n\n<hr class=\"wp-block-separator has-text-color has-alpha-channel-opacity has-background is-style-dots\" style=\"background-color:#363843;color:#363843\"\/>\n\n\n\n<div class=\"wp-block-group alignwide has-white-background-color has-background\"><div class=\"wp-block-group__inner-container is-layout-constrained wp-block-group-is-layout-constrained\">\n<div class=\"wp-block-media-text alignwide is-stacked-on-mobile\" style=\"grid-template-columns:37% auto\"><figure class=\"wp-block-media-text__media\"><img loading=\"lazy\" decoding=\"async\" width=\"550\" height=\"550\" src=\"https:\/\/decilo.de\/wp-content\/uploads\/2025\/06\/decilo-bg-q2.jpg\" alt=\"\" class=\"wp-image-2156 size-full\" srcset=\"https:\/\/decilo.de\/wp-content\/uploads\/2025\/06\/decilo-bg-q2.jpg 550w, https:\/\/decilo.de\/wp-content\/uploads\/2025\/06\/decilo-bg-q2-300x300.jpg 300w, https:\/\/decilo.de\/wp-content\/uploads\/2025\/06\/decilo-bg-q2-150x150.jpg 150w, https:\/\/decilo.de\/wp-content\/uploads\/2025\/06\/decilo-bg-q2-12x12.jpg 12w\" sizes=\"auto, (max-width: 550px) 100vw, 550px\" \/><\/figure><div class=\"wp-block-media-text__content\">\n<hr class=\"wp-block-separator has-text-color has-white-color has-alpha-channel-opacity has-white-background-color has-background is-style-default\"\/>\n\n\n\n<h3 class=\"wp-block-heading\"><strong>Werde Teil unseres Netzwerks<\/strong><\/h3>\n\n\n\n<p style=\"font-size:15px\">Mit DeCiLo bauen wir ein Netzwerk aus KI-Entwickler*innen und Digitalisierungsexpert*innen auf, die unsere Vision eines dezentraleren und gerechteren Einsatzes von KI teilen. <\/p>\n\n\n\n<p style=\"font-size:15px\">Wir freuen uns immer \u00fcber gleichgesinnte Partner, die unsere Mission unterst\u00fctzen m\u00f6chten. Checke unsere <a href=\"https:\/\/decilo.de\/de\/jobs\/\"><strong>aktuellen Ausschreibungen<\/strong><\/a> oder <a href=\"https:\/\/decilo.de\/de\/#contact\"><strong>melde Dich direkt<\/strong><\/a>.<\/p>\n<\/div><\/div>\n\n\n\n<p><\/p>\n<\/div><\/div>","protected":false},"excerpt":{"rendered":"<p>We believe that smaller companies and cooperatives are crucial for a healthy and regenerative economy. Use AI Safely &amp; Locally DeCiLo is a Berlin based network of coders, strategists, and &#8230;<\/p>","protected":false},"author":1,"featured_media":0,"parent":0,"menu_order":0,"comment_status":"closed","ping_status":"open","template":"","meta":{"footnotes":""},"class_list":["post-2","page","type-page","status-publish","hentry"],"_links":{"self":[{"href":"https:\/\/decilo.de\/de\/wp-json\/wp\/v2\/pages\/2","targetHints":{"allow":["GET"]}}],"collection":[{"href":"https:\/\/decilo.de\/de\/wp-json\/wp\/v2\/pages"}],"about":[{"href":"https:\/\/decilo.de\/de\/wp-json\/wp\/v2\/types\/page"}],"author":[{"embeddable":true,"href":"https:\/\/decilo.de\/de\/wp-json\/wp\/v2\/users\/1"}],"replies":[{"embeddable":true,"href":"https:\/\/decilo.de\/de\/wp-json\/wp\/v2\/comments?post=2"}],"version-history":[{"count":10,"href":"https:\/\/decilo.de\/de\/wp-json\/wp\/v2\/pages\/2\/revisions"}],"predecessor-version":[{"id":2236,"href":"https:\/\/decilo.de\/de\/wp-json\/wp\/v2\/pages\/2\/revisions\/2236"}],"wp:attachment":[{"href":"https:\/\/decilo.de\/de\/wp-json\/wp\/v2\/media?parent=2"}],"curies":[{"name":"wp","href":"https:\/\/api.w.org\/{rel}","templated":true}]}}